{"id":1041,"date":"2020-09-03T22:16:17","date_gmt":"2020-09-03T22:16:17","guid":{"rendered":"http:\/\/cafenor.com\/?page_id=1041"},"modified":"2022-04-21T22:00:03","modified_gmt":"2022-04-21T22:00:03","slug":"our-team","status":"publish","type":"page","link":"https:\/\/cafenor.com\/de\/unser-team\/","title":{"rendered":"Unser Team"},"content":{"rendered":"<div class=\"wp-block-cover alignfull is-light is-style-default\"><span aria-hidden=\"true\" class=\"wp-block-cover__background has-background-dim-0 has-background-dim\"><\/span><img data-recalc-dims=\"1\" loading=\"lazy\" decoding=\"async\" width=\"680\" height=\"453\" data-attachment-id=\"1376\" data-permalink=\"https:\/\/cafenor.com\/de\/team-medium-quality\/\" data-orig-file=\"https:\/\/i0.wp.com\/cafenor.com\/wp-content\/uploads\/2020\/12\/team-medium-quality.jpg?fit=5472%2C3648&amp;ssl=1\" data-orig-size=\"5472,3648\" data-comments-opened=\"0\" data-image-meta=\"{&quot;aperture&quot;:&quot;7.1&quot;,&quot;credit&quot;:&quot;Kevin Cortedano&quot;,&quot;camera&quot;:&quot;Canon EOS 70D&quot;,&quot;caption&quot;:&quot;&quot;,&quot;created_timestamp&quot;:&quot;1572532156&quot;,&quot;copyright&quot;:&quot;&quot;,&quot;focal_length&quot;:&quot;35&quot;,&quot;iso&quot;:&quot;200&quot;,&quot;shutter_speed&quot;:&quot;0.01&quot;,&quot;title&quot;:&quot;&quot;,&quot;orientation&quot;:&quot;1&quot;}\" data-image-title=\"team-medium-quality\" data-image-description=\"\" data-image-caption=\"\" data-large-file=\"https:\/\/i0.wp.com\/cafenor.com\/wp-content\/uploads\/2020\/12\/team-medium-quality.jpg?fit=680%2C453&amp;ssl=1\" class=\"wp-block-cover__image-background wp-image-1376\" alt=\"\" src=\"https:\/\/fzeuthen.files.wordpress.com\/2020\/12\/team-medium-quality.jpg?resize=680%2C453\" style=\"object-position:55% 21%\" data-object-fit=\"cover\" data-object-position=\"55% 21%\"\/><div class=\"wp-block-cover__inner-container is-layout-flow wp-block-cover-is-layout-flow\">\n<p class=\"has-text-align-center wp-block-paragraph\" style=\"font-size:61px\"><\/p>\n<\/div><\/div>\n\n\n\n<div style=\"height:100px\" aria-hidden=\"true\" class=\"wp-block-spacer\"><\/div>\n\n\n\n<h1 class=\"wp-block-heading\" style=\"font-size:30px\"><\/h1>\n\n\n\n<p class=\"wp-block-paragraph\">Vom Bauernhof \u00fcber das B\u00fcro bis zur Trockenm\u00fchle \u2013 das sind die Leute, die jeden Tag den Unterschied f\u00fcr unsere Kunden ausmachen <strong><em>NOCH<\/em><\/strong>:<\/p>\n\n\n\n<p class=\"has-text-align-left wp-block-paragraph\" style=\"font-size:30px\">B\u00fcro<\/p>\n\n\n\n<p class=\"has-text-align-left wp-block-paragraph\">Carlos Solorzano: Manager&nbsp;<\/p>\n\n\n\n<p class=\"has-text-align-left wp-block-paragraph\">Soleil Gonzalez: Buchhalter und Administrator: <\/p>\n\n\n\n<p class=\"has-text-align-left wp-block-paragraph\"> Maribell Mungioa Vega: Labor und Verwaltung. Assistent<\/p>\n\n\n\n<figure class=\"wp-block-gallery has-nested-images columns-default is-cropped wp-block-gallery-1 is-layout-flex wp-block-gallery-is-layout-flex\">\n<figure class=\"wp-block-image size-large\"><a href=\"https:\/\/i0.wp.com\/cafenor.com\/wp-content\/uploads\/2020\/12\/cafecc81_nor_2019-20-2.jpg?ssl=1\"><img data-recalc-dims=\"1\" loading=\"lazy\" decoding=\"async\" width=\"680\" height=\"453\" data-attachment-id=\"1436\" data-permalink=\"https:\/\/cafenor.com\/de\/cafecc81_nor_2019-20-2\/\" data-orig-file=\"https:\/\/i0.wp.com\/cafenor.com\/wp-content\/uploads\/2020\/12\/cafecc81_nor_2019-20-2.jpg?fit=5028%2C3353&amp;ssl=1\" data-orig-size=\"5028,3353\" data-comments-opened=\"0\" data-image-meta=\"{&quot;aperture&quot;:&quot;2.5&quot;,&quot;credit&quot;:&quot;Kevin Cortedano&quot;,&quot;camera&quot;:&quot;Canon EOS 70D&quot;,&quot;caption&quot;:&quot;&quot;,&quot;created_timestamp&quot;:&quot;1572520671&quot;,&quot;copyright&quot;:&quot;&quot;,&quot;focal_length&quot;:&quot;35&quot;,&quot;iso&quot;:&quot;800&quot;,&quot;shutter_speed&quot;:&quot;0.01&quot;,&quot;title&quot;:&quot;&quot;,&quot;orientation&quot;:&quot;0&quot;}\" data-image-title=\"cafecc81_nor_2019-20-2\" data-image-description=\"\" data-image-caption=\"\" data-large-file=\"https:\/\/i0.wp.com\/cafenor.com\/wp-content\/uploads\/2020\/12\/cafecc81_nor_2019-20-2.jpg?fit=680%2C453&amp;ssl=1\" data-id=\"1436\" src=\"https:\/\/i0.wp.com\/cafenor.com\/wp-content\/uploads\/2020\/12\/cafecc81_nor_2019-20-2.jpg?resize=680%2C453&#038;ssl=1\" alt=\"\" class=\"wp-image-1436\"\/><\/a><\/figure>\n\n\n\n<figure class=\"wp-block-image size-large\"><a href=\"https:\/\/i0.wp.com\/cafenor.com\/wp-content\/uploads\/2020\/12\/maribell-munguia-jpeg-2.jpg?ssl=1\"><img data-recalc-dims=\"1\" loading=\"lazy\" decoding=\"async\" width=\"680\" height=\"453\" data-attachment-id=\"1410\" data-permalink=\"https:\/\/cafenor.com\/de\/maribell-munguia-jpeg-2\/\" data-orig-file=\"https:\/\/i0.wp.com\/cafenor.com\/wp-content\/uploads\/2020\/12\/maribell-munguia-jpeg-2.jpg?fit=5452%2C3635&amp;ssl=1\" data-orig-size=\"5452,3635\" data-comments-opened=\"0\" data-image-meta=\"{&quot;aperture&quot;:&quot;2.8&quot;,&quot;credit&quot;:&quot;Kevin Cortedano&quot;,&quot;camera&quot;:&quot;Canon EOS 70D&quot;,&quot;caption&quot;:&quot;&quot;,&quot;created_timestamp&quot;:&quot;1572520598&quot;,&quot;copyright&quot;:&quot;&quot;,&quot;focal_length&quot;:&quot;35&quot;,&quot;iso&quot;:&quot;800&quot;,&quot;shutter_speed&quot;:&quot;0.01&quot;,&quot;title&quot;:&quot;&quot;,&quot;orientation&quot;:&quot;0&quot;}\" data-image-title=\"maribell-munguia-jpeg-2\" data-image-description=\"\" data-image-caption=\"\" data-large-file=\"https:\/\/i0.wp.com\/cafenor.com\/wp-content\/uploads\/2020\/12\/maribell-munguia-jpeg-2.jpg?fit=680%2C453&amp;ssl=1\" data-id=\"1410\" src=\"https:\/\/i0.wp.com\/cafenor.com\/wp-content\/uploads\/2020\/12\/maribell-munguia-jpeg-2.jpg?resize=680%2C453&#038;ssl=1\" alt=\"\" class=\"wp-image-1410\"\/><\/a><\/figure>\n<\/figure>\n\n\n\n<p class=\"wp-block-paragraph\" style=\"font-size:30px\">BAUERNHOF<\/p>\n\n\n\n<p class=\"wp-block-paragraph\">Jose Abednego Montoya: Jefe de Campo<\/p>\n\n\n\n<p class=\"wp-block-paragraph\">Justo Ramon Diaz: Capataz<\/p>\n\n\n\n<p class=\"wp-block-paragraph\">Vilma Rayo: K\u00f6chin<\/p>\n\n\n\n<p class=\"wp-block-paragraph\">Ezequiel Chavarria: Landarbeiter<\/p>\n\n\n\n<p class=\"wp-block-paragraph\">Abel Chavarria: Landarbeiter<\/p>\n\n\n\n<p class=\"wp-block-paragraph\">Marvin Lopez: Landarbeiter<\/p>\n\n\n\n<p class=\"wp-block-paragraph\">Marvin Alvarado: Landarbeiter<\/p>\n\n\n\n<p class=\"wp-block-paragraph\">Yader Cruz: Landarbeiter<\/p>\n\n\n\n<div class=\"wp-block-group alignfull has-background-background-color has-background\"><div class=\"wp-block-group__inner-container is-layout-flow wp-block-group-is-layout-flow\">\n<div class=\"wp-block-jetpack-layout-grid alignfull column1-desktop-grid__span-10 column1-desktop-grid__start-2 column1-desktop-grid__row-1 column1-tablet-grid__span-8 column1-tablet-grid__row-1 column1-mobile-grid__span-4 column1-mobile-grid__row-1\">\n<div class=\"wp-block-jetpack-layout-grid-column wp-block-jetpack-layout-grid__padding-none\">\n<figure class=\"wp-block-gallery has-nested-images columns-default is-cropped wp-block-gallery-2 is-layout-flex wp-block-gallery-is-layout-flex\">\n<figure class=\"wp-block-image size-large\"><a href=\"https:\/\/i0.wp.com\/cafenor.com\/wp-content\/uploads\/2020\/12\/cafecc81_nor_2019-57-1.jpg?ssl=1\"><img data-recalc-dims=\"1\" loading=\"lazy\" decoding=\"async\" width=\"680\" height=\"1029\" data-attachment-id=\"1326\" data-permalink=\"https:\/\/cafenor.com\/de\/unser-team\/cafe_nor_2019-57-1\/\" data-orig-file=\"https:\/\/i0.wp.com\/cafenor.com\/wp-content\/uploads\/2020\/12\/cafecc81_nor_2019-57-1.jpg?fit=3432%2C5195&amp;ssl=1\" data-orig-size=\"3432,5195\" data-comments-opened=\"0\" data-image-meta=\"{&quot;aperture&quot;:&quot;2.8&quot;,&quot;credit&quot;:&quot;Kevin Cortedano&quot;,&quot;camera&quot;:&quot;Canon EOS 70D&quot;,&quot;caption&quot;:&quot;&quot;,&quot;created_timestamp&quot;:&quot;1572537490&quot;,&quot;copyright&quot;:&quot;&quot;,&quot;focal_length&quot;:&quot;35&quot;,&quot;iso&quot;:&quot;500&quot;,&quot;shutter_speed&quot;:&quot;0.008&quot;,&quot;title&quot;:&quot;&quot;,&quot;orientation&quot;:&quot;0&quot;}\" data-image-title=\"Cafe\u0301_Nor_2019-57 (1)\" data-image-description=\"\" data-image-caption=\"\" data-large-file=\"https:\/\/i0.wp.com\/cafenor.com\/wp-content\/uploads\/2020\/12\/cafecc81_nor_2019-57-1.jpg?fit=676%2C1024&amp;ssl=1\" data-id=\"1326\" src=\"https:\/\/i0.wp.com\/cafenor.com\/wp-content\/uploads\/2020\/12\/cafecc81_nor_2019-57-1.jpg?resize=680%2C1029&#038;ssl=1\" alt=\"\" class=\"wp-image-1326\"\/><\/a><figcaption>Abednego Sequeira<\/figcaption><\/figure>\n\n\n\n<figure class=\"wp-block-image size-large\"><a href=\"https:\/\/i0.wp.com\/cafenor.com\/wp-content\/uploads\/2020\/12\/abel-rosales-jpeg.jpg?ssl=1\"><img data-recalc-dims=\"1\" loading=\"lazy\" decoding=\"async\" width=\"680\" height=\"1101\" data-attachment-id=\"1329\" data-permalink=\"https:\/\/cafenor.com\/de\/unser-team\/abel-rosales-jpeg\/\" data-orig-file=\"https:\/\/i0.wp.com\/cafenor.com\/wp-content\/uploads\/2020\/12\/abel-rosales-jpeg.jpg?fit=3073%2C4977&amp;ssl=1\" data-orig-size=\"3073,4977\" data-comments-opened=\"0\" data-image-meta=\"{&quot;aperture&quot;:&quot;2.8&quot;,&quot;credit&quot;:&quot;Kevin Cortedano&quot;,&quot;camera&quot;:&quot;Canon EOS 70D&quot;,&quot;caption&quot;:&quot;&quot;,&quot;created_timestamp&quot;:&quot;1572539880&quot;,&quot;copyright&quot;:&quot;&quot;,&quot;focal_length&quot;:&quot;35&quot;,&quot;iso&quot;:&quot;500&quot;,&quot;shutter_speed&quot;:&quot;0.008&quot;,&quot;title&quot;:&quot;&quot;,&quot;orientation&quot;:&quot;0&quot;}\" data-image-title=\"Abel Rosales JPEG\" data-image-description=\"\" data-image-caption=\"\" data-large-file=\"https:\/\/i0.wp.com\/cafenor.com\/wp-content\/uploads\/2020\/12\/abel-rosales-jpeg.jpg?fit=632%2C1024&amp;ssl=1\" data-id=\"1329\" src=\"https:\/\/i0.wp.com\/cafenor.com\/wp-content\/uploads\/2020\/12\/abel-rosales-jpeg.jpg?resize=680%2C1101&#038;ssl=1\" alt=\"\" class=\"wp-image-1329\"\/><\/a><figcaption>Abel Rosales<\/figcaption><\/figure>\n\n\n\n<figure class=\"wp-block-image size-large\"><a href=\"https:\/\/i0.wp.com\/cafenor.com\/wp-content\/uploads\/2020\/12\/exequiel-chavarria-jpeg.jpg?ssl=1\"><img data-recalc-dims=\"1\" loading=\"lazy\" decoding=\"async\" width=\"680\" height=\"1020\" data-attachment-id=\"1333\" data-permalink=\"https:\/\/cafenor.com\/de\/unser-team\/exequiel-chavarria-jpeg\/\" data-orig-file=\"https:\/\/i0.wp.com\/cafenor.com\/wp-content\/uploads\/2020\/12\/exequiel-chavarria-jpeg.jpg?fit=3648%2C5472&amp;ssl=1\" data-orig-size=\"3648,5472\" data-comments-opened=\"0\" data-image-meta=\"{&quot;aperture&quot;:&quot;2.8&quot;,&quot;credit&quot;:&quot;Kevin Cortedano&quot;,&quot;camera&quot;:&quot;Canon EOS 70D&quot;,&quot;caption&quot;:&quot;&quot;,&quot;created_timestamp&quot;:&quot;1572532003&quot;,&quot;copyright&quot;:&quot;&quot;,&quot;focal_length&quot;:&quot;35&quot;,&quot;iso&quot;:&quot;200&quot;,&quot;shutter_speed&quot;:&quot;0.002&quot;,&quot;title&quot;:&quot;&quot;,&quot;orientation&quot;:&quot;0&quot;}\" data-image-title=\"Exequiel Chavarria JPEG\" data-image-description=\"\" data-image-caption=\"\" data-large-file=\"https:\/\/i0.wp.com\/cafenor.com\/wp-content\/uploads\/2020\/12\/exequiel-chavarria-jpeg.jpg?fit=680%2C1020&amp;ssl=1\" data-id=\"1333\" src=\"https:\/\/i0.wp.com\/cafenor.com\/wp-content\/uploads\/2020\/12\/exequiel-chavarria-jpeg.jpg?resize=680%2C1020&#038;ssl=1\" alt=\"\" class=\"wp-image-1333\"\/><\/a><figcaption>Exequiel Chavar\u00eda<\/figcaption><\/figure>\n\n\n\n<figure class=\"wp-block-image size-large\"><a href=\"https:\/\/i0.wp.com\/cafenor.com\/wp-content\/uploads\/2020\/12\/genaro-cruz-jpeg.jpg?ssl=1\"><img data-recalc-dims=\"1\" loading=\"lazy\" decoding=\"async\" width=\"680\" height=\"1020\" data-attachment-id=\"1334\" data-permalink=\"https:\/\/cafenor.com\/de\/unser-team\/genaro-cruz-jpeg\/\" data-orig-file=\"https:\/\/i0.wp.com\/cafenor.com\/wp-content\/uploads\/2020\/12\/genaro-cruz-jpeg.jpg?fit=3648%2C5472&amp;ssl=1\" data-orig-size=\"3648,5472\" data-comments-opened=\"0\" data-image-meta=\"{&quot;aperture&quot;:&quot;2.8&quot;,&quot;credit&quot;:&quot;Kevin Cortedano&quot;,&quot;camera&quot;:&quot;Canon EOS 70D&quot;,&quot;caption&quot;:&quot;&quot;,&quot;created_timestamp&quot;:&quot;1572531853&quot;,&quot;copyright&quot;:&quot;&quot;,&quot;focal_length&quot;:&quot;35&quot;,&quot;iso&quot;:&quot;200&quot;,&quot;shutter_speed&quot;:&quot;0.0008&quot;,&quot;title&quot;:&quot;&quot;,&quot;orientation&quot;:&quot;0&quot;}\" data-image-title=\"Genaro Cruz JPEG\" data-image-description=\"\" data-image-caption=\"\" data-large-file=\"https:\/\/i0.wp.com\/cafenor.com\/wp-content\/uploads\/2020\/12\/genaro-cruz-jpeg.jpg?fit=680%2C1020&amp;ssl=1\" data-id=\"1334\" src=\"https:\/\/i0.wp.com\/cafenor.com\/wp-content\/uploads\/2020\/12\/genaro-cruz-jpeg.jpg?resize=680%2C1020&#038;ssl=1\" alt=\"\" class=\"wp-image-1334\"\/><\/a><figcaption>Genaro Cruz-Farm<\/figcaption><\/figure>\n\n\n\n<figure class=\"wp-block-image size-large\"><a href=\"https:\/\/i0.wp.com\/cafenor.com\/wp-content\/uploads\/2020\/12\/justo-ramon-diaz-jpeg.jpg?ssl=1\"><img data-recalc-dims=\"1\" loading=\"lazy\" decoding=\"async\" width=\"680\" height=\"1031\" data-attachment-id=\"1336\" data-permalink=\"https:\/\/cafenor.com\/de\/unser-team\/justo-ramon-diaz-jpeg\/\" data-orig-file=\"https:\/\/i0.wp.com\/cafenor.com\/wp-content\/uploads\/2020\/12\/justo-ramon-diaz-jpeg.jpg?fit=3405%2C5164&amp;ssl=1\" data-orig-size=\"3405,5164\" data-comments-opened=\"0\" data-image-meta=\"{&quot;aperture&quot;:&quot;2.5&quot;,&quot;credit&quot;:&quot;Kevin Cortedano&quot;,&quot;camera&quot;:&quot;Canon EOS 70D&quot;,&quot;caption&quot;:&quot;&quot;,&quot;created_timestamp&quot;:&quot;1572536089&quot;,&quot;copyright&quot;:&quot;&quot;,&quot;focal_length&quot;:&quot;35&quot;,&quot;iso&quot;:&quot;400&quot;,&quot;shutter_speed&quot;:&quot;0.005&quot;,&quot;title&quot;:&quot;&quot;,&quot;orientation&quot;:&quot;0&quot;}\" data-image-title=\"Justo Ramon Diaz JPEG\" data-image-description=\"\" data-image-caption=\"\" data-large-file=\"https:\/\/i0.wp.com\/cafenor.com\/wp-content\/uploads\/2020\/12\/justo-ramon-diaz-jpeg.jpg?fit=675%2C1024&amp;ssl=1\" data-id=\"1336\" src=\"https:\/\/i0.wp.com\/cafenor.com\/wp-content\/uploads\/2020\/12\/justo-ramon-diaz-jpeg.jpg?resize=680%2C1031&#038;ssl=1\" alt=\"\" class=\"wp-image-1336\"\/><\/a><figcaption>Justo Ramon Diaz-Farm<\/figcaption><\/figure>\n\n\n\n<figure class=\"wp-block-image size-large\"><a href=\"https:\/\/i0.wp.com\/cafenor.com\/wp-content\/uploads\/2020\/12\/luis-cruz-jpeg.jpg?ssl=1\"><img data-recalc-dims=\"1\" loading=\"lazy\" decoding=\"async\" width=\"680\" height=\"1020\" data-attachment-id=\"1337\" data-permalink=\"https:\/\/cafenor.com\/de\/unser-team\/luis-cruz-jpeg\/\" data-orig-file=\"https:\/\/i0.wp.com\/cafenor.com\/wp-content\/uploads\/2020\/12\/luis-cruz-jpeg.jpg?fit=3648%2C5472&amp;ssl=1\" data-orig-size=\"3648,5472\" data-comments-opened=\"0\" data-image-meta=\"{&quot;aperture&quot;:&quot;2.8&quot;,&quot;credit&quot;:&quot;Kevin Cortedano&quot;,&quot;camera&quot;:&quot;Canon EOS 70D&quot;,&quot;caption&quot;:&quot;&quot;,&quot;created_timestamp&quot;:&quot;1572531589&quot;,&quot;copyright&quot;:&quot;&quot;,&quot;focal_length&quot;:&quot;35&quot;,&quot;iso&quot;:&quot;200&quot;,&quot;shutter_speed&quot;:&quot;0.0005&quot;,&quot;title&quot;:&quot;&quot;,&quot;orientation&quot;:&quot;0&quot;}\" data-image-title=\"Luis Cruz JPEG\" data-image-description=\"\" data-image-caption=\"\" data-large-file=\"https:\/\/i0.wp.com\/cafenor.com\/wp-content\/uploads\/2020\/12\/luis-cruz-jpeg.jpg?fit=680%2C1020&amp;ssl=1\" data-id=\"1337\" src=\"https:\/\/i0.wp.com\/cafenor.com\/wp-content\/uploads\/2020\/12\/luis-cruz-jpeg.jpg?resize=680%2C1020&#038;ssl=1\" alt=\"\" class=\"wp-image-1337\"\/><\/a><figcaption>Luis Cruz-Farm<\/figcaption><\/figure>\n\n\n\n<figure class=\"wp-block-image size-large\"><a href=\"https:\/\/i0.wp.com\/cafenor.com\/wp-content\/uploads\/2020\/12\/cafecc81_nor_2019-5-1.jpg?ssl=1\"><img data-recalc-dims=\"1\" loading=\"lazy\" decoding=\"async\" width=\"680\" height=\"487\" data-attachment-id=\"1320\" data-permalink=\"https:\/\/cafenor.com\/de\/unser-team\/cafe_nor_2019-5\/\" data-orig-file=\"https:\/\/i0.wp.com\/cafenor.com\/wp-content\/uploads\/2020\/12\/cafecc81_nor_2019-5-1.jpg?fit=4759%2C3410&amp;ssl=1\" data-orig-size=\"4759,3410\" data-comments-opened=\"0\" data-image-meta=\"{&quot;aperture&quot;:&quot;3.2&quot;,&quot;credit&quot;:&quot;Kevin Cortedano&quot;,&quot;camera&quot;:&quot;Canon EOS 70D&quot;,&quot;caption&quot;:&quot;&quot;,&quot;created_timestamp&quot;:&quot;1572431845&quot;,&quot;copyright&quot;:&quot;&quot;,&quot;focal_length&quot;:&quot;35&quot;,&quot;iso&quot;:&quot;200&quot;,&quot;shutter_speed&quot;:&quot;0.004&quot;,&quot;title&quot;:&quot;&quot;,&quot;orientation&quot;:&quot;0&quot;}\" data-image-title=\"Cafe\u0301_Nor_2019-5\" data-image-description=\"\" data-image-caption=\"\" data-large-file=\"https:\/\/i0.wp.com\/cafenor.com\/wp-content\/uploads\/2020\/12\/cafecc81_nor_2019-5-1.jpg?fit=680%2C487&amp;ssl=1\" data-id=\"1320\" src=\"https:\/\/i0.wp.com\/cafenor.com\/wp-content\/uploads\/2020\/12\/cafecc81_nor_2019-5-1.jpg?resize=680%2C487&#038;ssl=1\" alt=\"\" class=\"wp-image-1320\"\/><\/a><figcaption>Nohemi Rosales<\/figcaption><\/figure>\n\n\n\n<figure class=\"wp-block-image size-large\"><a href=\"https:\/\/i0.wp.com\/cafenor.com\/wp-content\/uploads\/2020\/12\/yader-cruzjpeg.jpg?ssl=1\"><img data-recalc-dims=\"1\" loading=\"lazy\" decoding=\"async\" width=\"680\" height=\"1004\" data-attachment-id=\"1330\" data-permalink=\"https:\/\/cafenor.com\/de\/unser-team\/yader-cruzjpeg\/\" data-orig-file=\"https:\/\/i0.wp.com\/cafenor.com\/wp-content\/uploads\/2020\/12\/yader-cruzjpeg.jpg?fit=3574%2C5275&amp;ssl=1\" data-orig-size=\"3574,5275\" data-comments-opened=\"0\" data-image-meta=\"{&quot;aperture&quot;:&quot;2.8&quot;,&quot;credit&quot;:&quot;Kevin Cortedano&quot;,&quot;camera&quot;:&quot;Canon EOS 70D&quot;,&quot;caption&quot;:&quot;&quot;,&quot;created_timestamp&quot;:&quot;1572531702&quot;,&quot;copyright&quot;:&quot;&quot;,&quot;focal_length&quot;:&quot;35&quot;,&quot;iso&quot;:&quot;200&quot;,&quot;shutter_speed&quot;:&quot;0.0015625&quot;,&quot;title&quot;:&quot;&quot;,&quot;orientation&quot;:&quot;0&quot;}\" data-image-title=\"Yader CruzJPEG\" data-image-description=\"\" data-image-caption=\"\" data-large-file=\"https:\/\/i0.wp.com\/cafenor.com\/wp-content\/uploads\/2020\/12\/yader-cruzjpeg.jpg?fit=680%2C1004&amp;ssl=1\" data-id=\"1330\" src=\"https:\/\/i0.wp.com\/cafenor.com\/wp-content\/uploads\/2020\/12\/yader-cruzjpeg.jpg?resize=680%2C1004&#038;ssl=1\" alt=\"\" class=\"wp-image-1330\"\/><\/a><figcaption>Yader Cruz<\/figcaption><\/figure>\n\n\n\n<figure class=\"wp-block-image size-large\"><a href=\"https:\/\/i0.wp.com\/cafenor.com\/wp-content\/uploads\/2020\/12\/cafecc81_nor_2019-16-1.jpg?ssl=1\"><img data-recalc-dims=\"1\" loading=\"lazy\" decoding=\"async\" width=\"680\" height=\"448\" data-attachment-id=\"1322\" data-permalink=\"https:\/\/cafenor.com\/de\/unser-team\/cafe_nor_2019-16\/\" data-orig-file=\"https:\/\/i0.wp.com\/cafenor.com\/wp-content\/uploads\/2020\/12\/cafecc81_nor_2019-16-1.jpg?fit=5367%2C3532&amp;ssl=1\" data-orig-size=\"5367,3532\" data-comments-opened=\"0\" data-image-meta=\"{&quot;aperture&quot;:&quot;18&quot;,&quot;credit&quot;:&quot;Kevin Cortedano&quot;,&quot;camera&quot;:&quot;Canon EOS 70D&quot;,&quot;caption&quot;:&quot;&quot;,&quot;created_timestamp&quot;:&quot;1572442501&quot;,&quot;copyright&quot;:&quot;&quot;,&quot;focal_length&quot;:&quot;35&quot;,&quot;iso&quot;:&quot;200&quot;,&quot;shutter_speed&quot;:&quot;0.008&quot;,&quot;title&quot;:&quot;&quot;,&quot;orientation&quot;:&quot;0&quot;}\" data-image-title=\"Cafe\u0301_Nor_2019-16\" data-image-description=\"\" data-image-caption=\"\" data-large-file=\"https:\/\/i0.wp.com\/cafenor.com\/wp-content\/uploads\/2020\/12\/cafecc81_nor_2019-16-1.jpg?fit=680%2C448&amp;ssl=1\" data-id=\"1322\" src=\"https:\/\/i0.wp.com\/cafenor.com\/wp-content\/uploads\/2020\/12\/cafecc81_nor_2019-16-1.jpg?resize=680%2C448&#038;ssl=1\" alt=\"\" class=\"wp-image-1322\"\/><\/a><figcaption>Engel Rosales<\/figcaption><\/figure>\n<\/figure>\n\n\n\n<p class=\"wp-block-paragraph\" style=\"font-size:30px\">Solar-Trockenm\u00fchle<\/p>\n\n\n\n<p class=\"wp-block-paragraph\">Vorfrau\/Puntera: Esther<\/p>\n\n\n\n<p class=\"wp-block-paragraph\" style=\"font-size:30px\">SCHR\u00d6PFLABOR<\/p>\n\n\n\n<p class=\"wp-block-paragraph\">Jessica Valencia: Q-Kl\u00e4sslerin<\/p>\n\n\n\n<p class=\"wp-block-paragraph\">Sergio Blandon: Externer Q-Grader<\/p>\n\n\n\n<p class=\"wp-block-paragraph\">Maribell Mungia Vega: Schr\u00f6pfassistentin<\/p>\n\n\n\n<p class=\"wp-block-paragraph\" style=\"font-size:30px\">Unternehmen<\/p>\n\n\n\n<p class=\"wp-block-paragraph\">Kakaopartner: Zoi Papalalexandrateu<\/p>\n\n\n\n<p class=\"wp-block-paragraph\" style=\"font-size:30px\">Hauptpartner<\/p>\n\n\n\n<p class=\"wp-block-paragraph\">Frederik Zeuthen<\/p>\n<\/div>\n<\/div>\n<\/div><\/div>\n\n\n\n<p class=\"wp-block-paragraph\"><\/p>","protected":false},"excerpt":{"rendered":"<p>From the farm to the office to the dry mill &#8211; these are the guys who make the difference for our customers every day in NOR: Office Carlos Solorzano: Manager&nbsp; Soleil Gonzalez: Accountant and Admin: Maribell Mungioa Vega: Laboratory and Admin. Assistant FARM Jose Abednego Montoya: Jefe de Campo Justo Ramon Diaz: Capataz Vilma Rayo: [&hellip;]<\/p>\n","protected":false},"author":60124613,"featured_media":0,"parent":0,"menu_order":0,"comment_status":"closed","ping_status":"closed","template":"","meta":{"_seopress_robots_primary_cat":"","_seopress_titles_title":"","_seopress_titles_desc":"","_seopress_robots_index":"","_coblocks_attr":"","_coblocks_dimensions":"","_coblocks_responsive_height":"","_coblocks_accordion_ie_support":"","_crdt_document":"","footnotes":""},"class_list":["post-1041","page","type-page","status-publish","hentry"],"jetpack_shortlink":"https:\/\/wp.me\/P4fxKa-gN","jetpack_sharing_enabled":true,"_links":{"self":[{"href":"https:\/\/cafenor.com\/de\/wp-json\/wp\/v2\/pages\/1041","targetHints":{"allow":["GET"]}}],"collection":[{"href":"https:\/\/cafenor.com\/de\/wp-json\/wp\/v2\/pages"}],"about":[{"href":"https:\/\/cafenor.com\/de\/wp-json\/wp\/v2\/types\/page"}],"author":[{"embeddable":true,"href":"https:\/\/cafenor.com\/de\/wp-json\/wp\/v2\/users\/60124613"}],"replies":[{"embeddable":true,"href":"https:\/\/cafenor.com\/de\/wp-json\/wp\/v2\/comments?post=1041"}],"version-history":[{"count":42,"href":"https:\/\/cafenor.com\/de\/wp-json\/wp\/v2\/pages\/1041\/revisions"}],"predecessor-version":[{"id":1800,"href":"https:\/\/cafenor.com\/de\/wp-json\/wp\/v2\/pages\/1041\/revisions\/1800"}],"wp:attachment":[{"href":"https:\/\/cafenor.com\/de\/wp-json\/wp\/v2\/media?parent=1041"}],"curies":[{"name":"wp","href":"https:\/\/api.w.org\/{rel}","templated":true}]}}