{"id":1748,"date":"2022-04-21T21:11:53","date_gmt":"2022-04-21T21:11:53","guid":{"rendered":"https:\/\/cafenor.com\/?page_id=1748"},"modified":"2022-05-06T22:47:49","modified_gmt":"2022-05-06T22:47:49","slug":"our-cacao","status":"publish","type":"page","link":"https:\/\/cafenor.com\/es\/nuestro-cacao\/","title":{"rendered":"Nuestro Cacao"},"content":{"rendered":"<p class=\"wp-block-paragraph\"><\/p>\n\n\n\n<div class=\"wp-block-cover alignfull is-light has-background-dim-30 has-background-dim\"><span aria-hidden=\"true\" class=\"wp-block-cover__background has-background-dim-30 has-background-dim\"><\/span><img data-recalc-dims=\"1\" loading=\"lazy\" decoding=\"async\" width=\"680\" height=\"510\" data-attachment-id=\"1750\" data-permalink=\"https:\/\/cafenor.com\/es\/nuestro-cacao\/photo-2022-03-15-15-01-55-1\/\" data-orig-file=\"https:\/\/i0.wp.com\/cafenor.com\/wp-content\/uploads\/2022\/04\/PHOTO-2022-03-15-15-01-55-1.jpg?fit=1600%2C1200&amp;ssl=1\" data-orig-size=\"1600,1200\" data-comments-opened=\"0\" data-image-meta=\"{&quot;aperture&quot;:&quot;0&quot;,&quot;credit&quot;:&quot;&quot;,&quot;camera&quot;:&quot;&quot;,&quot;caption&quot;:&quot;&quot;,&quot;created_timestamp&quot;:&quot;0&quot;,&quot;copyright&quot;:&quot;&quot;,&quot;focal_length&quot;:&quot;0&quot;,&quot;iso&quot;:&quot;0&quot;,&quot;shutter_speed&quot;:&quot;0&quot;,&quot;title&quot;:&quot;&quot;,&quot;orientation&quot;:&quot;0&quot;}\" data-image-title=\"PHOTO-2022-03-15-15-01-55-1\" data-image-description=\"\" data-image-caption=\"\" data-large-file=\"https:\/\/i0.wp.com\/cafenor.com\/wp-content\/uploads\/2022\/04\/PHOTO-2022-03-15-15-01-55-1.jpg?fit=680%2C510&amp;ssl=1\" class=\"wp-block-cover__image-background wp-image-1750\" alt=\"\" src=\"https:\/\/i0.wp.com\/cafenor.com\/wp-content\/uploads\/2022\/04\/PHOTO-2022-03-15-15-01-55-1.jpg?resize=680%2C510&#038;ssl=1\" data-object-fit=\"cover\" srcset=\"https:\/\/i0.wp.com\/cafenor.com\/wp-content\/uploads\/2022\/04\/PHOTO-2022-03-15-15-01-55-1.jpg?w=1600&amp;ssl=1 1600w, https:\/\/i0.wp.com\/cafenor.com\/wp-content\/uploads\/2022\/04\/PHOTO-2022-03-15-15-01-55-1.jpg?resize=300%2C225&amp;ssl=1 300w, https:\/\/i0.wp.com\/cafenor.com\/wp-content\/uploads\/2022\/04\/PHOTO-2022-03-15-15-01-55-1.jpg?resize=1024%2C768&amp;ssl=1 1024w, https:\/\/i0.wp.com\/cafenor.com\/wp-content\/uploads\/2022\/04\/PHOTO-2022-03-15-15-01-55-1.jpg?resize=768%2C576&amp;ssl=1 768w, https:\/\/i0.wp.com\/cafenor.com\/wp-content\/uploads\/2022\/04\/PHOTO-2022-03-15-15-01-55-1.jpg?resize=1536%2C1152&amp;ssl=1 1536w, https:\/\/i0.wp.com\/cafenor.com\/wp-content\/uploads\/2022\/04\/PHOTO-2022-03-15-15-01-55-1.jpg?resize=1200%2C900&amp;ssl=1 1200w, https:\/\/i0.wp.com\/cafenor.com\/wp-content\/uploads\/2022\/04\/PHOTO-2022-03-15-15-01-55-1.jpg?resize=800%2C600&amp;ssl=1 800w, https:\/\/i0.wp.com\/cafenor.com\/wp-content\/uploads\/2022\/04\/PHOTO-2022-03-15-15-01-55-1.jpg?resize=400%2C300&amp;ssl=1 400w, https:\/\/i0.wp.com\/cafenor.com\/wp-content\/uploads\/2022\/04\/PHOTO-2022-03-15-15-01-55-1.jpg?resize=200%2C150&amp;ssl=1 200w, https:\/\/i0.wp.com\/cafenor.com\/wp-content\/uploads\/2022\/04\/PHOTO-2022-03-15-15-01-55-1.jpg?resize=680%2C510&amp;ssl=1 680w, https:\/\/i0.wp.com\/cafenor.com\/wp-content\/uploads\/2022\/04\/PHOTO-2022-03-15-15-01-55-1.jpg?w=1360&amp;ssl=1 1360w\" sizes=\"auto, (max-width: 680px) 100vw, 680px\" \/><div class=\"wp-block-cover__inner-container is-layout-flow wp-block-cover-is-layout-flow\">\n<p class=\"has-text-align-center has-large-font-size wp-block-paragraph\"><\/p>\n<\/div><\/div>\n\n\n\n<p class=\"wp-block-paragraph\" style=\"font-size:30px\">Nuestro Cacao<\/p>\n\n\n\n<p class=\"wp-block-paragraph\">Tambi\u00e9n tenemos una larga trayectoria en cacao fino de sabor y aroma y contamos con algunos de los especialistas l\u00edderes de la regi\u00f3n y del mundo en nuestro equipo y red.&nbsp;<\/p>\n\n\n\n<p class=\"wp-block-paragraph\">Ofrecemos cacaos convencionales, org\u00e1nicos y Rainforest Alliance. Tambi\u00e9n ofrecemos fermentaciones personalizadas de acuerdo con los requisitos del comprador y, por supuesto, estaremos encantados de hacer nuestras propias recomendaciones basadas en nuestra experiencia y el mercado del comprador.<\/p>\n\n\n\n<p class=\"wp-block-paragraph\">Todos nuestros cacaos son acriollados (una mezcla entre cacao criollo, trinitario y forastero), pero tambi\u00e9n ofrecemos selecciones especiales de granos.<\/p>\n\n\n\n<p class=\"wp-block-paragraph\">Actualmente, ofrecemos productos desde Nicaragua, Guatemala, Colombia y Ecuador, pero tambi\u00e9n tenemos agricultores asociados en otros or\u00edgenes de Am\u00e9rica Latina y estaremos encantados de hablar con usted sobre sus necesidades espec\u00edficas.<\/p>\n\n\n\n<div style=\"height:100px\" aria-hidden=\"true\" class=\"wp-block-spacer\"><\/div>\n\n\n\n<div class=\"wp-block-buttons is-content-justification-center is-layout-flex wp-container-core-buttons-is-layout-0851a425 wp-block-buttons-is-layout-flex\">\n<div class=\"wp-block-button has-custom-width wp-block-button__width-25 is-style-circular\"><a class=\"wp-block-button__link\" href=\"https:\/\/cafenor.com\/es\/cacao-nicaraguense\/\">Nicaragua<\/a><\/div>\n\n\n\n<div class=\"wp-block-button has-custom-width wp-block-button__width-25 is-style-circular\"><a class=\"wp-block-button__link\" href=\"https:\/\/cafenor.com\/es\/cacao-guatemalteco\/\">Guatemala<\/a><\/div>\n\n\n\n<div class=\"wp-block-button has-custom-width wp-block-button__width-25 is-style-circular\"><a class=\"wp-block-button__link\" href=\"https:\/\/cafenor.com\/es\/cacao-colombiano\/\">Colombia<\/a><\/div>\n\n\n\n<div class=\"wp-block-button has-custom-width wp-block-button__width-25 is-style-circular\"><a class=\"wp-block-button__link\" href=\"https:\/\/cafenor.com\/es\/cacao-ecuatoriano\/\">Ecuador<\/a><\/div>\n<\/div>","protected":false},"excerpt":{"rendered":"<p>Our Cacao We also have a long background in fine flavor and aroma cocoa and have some of the region\u00b4s and world\u00b4s leading specialists in our team and network.&nbsp; We offer both Conventional, Organic and Rainforest Alliance cocoas. We also offer custom fermentations according to the Buyer\u00b4s requirements \u2013 and of course are happy to [&hellip;]<\/p>\n","protected":false},"author":60124613,"featured_media":0,"parent":0,"menu_order":0,"comment_status":"closed","ping_status":"closed","template":"","meta":{"_seopress_robots_primary_cat":"","_seopress_titles_title":"","_seopress_titles_desc":"","_seopress_robots_index":"","_coblocks_attr":"","_coblocks_dimensions":"","_coblocks_responsive_height":"","_coblocks_accordion_ie_support":"","_crdt_document":"","footnotes":""},"class_list":["post-1748","page","type-page","status-publish","hentry"],"jetpack_shortlink":"https:\/\/wp.me\/P4fxKa-sc","jetpack_sharing_enabled":true,"_links":{"self":[{"href":"https:\/\/cafenor.com\/es\/wp-json\/wp\/v2\/pages\/1748","targetHints":{"allow":["GET"]}}],"collection":[{"href":"https:\/\/cafenor.com\/es\/wp-json\/wp\/v2\/pages"}],"about":[{"href":"https:\/\/cafenor.com\/es\/wp-json\/wp\/v2\/types\/page"}],"author":[{"embeddable":true,"href":"https:\/\/cafenor.com\/es\/wp-json\/wp\/v2\/users\/60124613"}],"replies":[{"embeddable":true,"href":"https:\/\/cafenor.com\/es\/wp-json\/wp\/v2\/comments?post=1748"}],"version-history":[{"count":9,"href":"https:\/\/cafenor.com\/es\/wp-json\/wp\/v2\/pages\/1748\/revisions"}],"predecessor-version":[{"id":2067,"href":"https:\/\/cafenor.com\/es\/wp-json\/wp\/v2\/pages\/1748\/revisions\/2067"}],"wp:attachment":[{"href":"https:\/\/cafenor.com\/es\/wp-json\/wp\/v2\/media?parent=1748"}],"curies":[{"name":"gracias","href":"https:\/\/api.w.org\/{rel}","templated":true}]}}