{"id":2038,"date":"2022-05-06T22:03:33","date_gmt":"2022-05-06T22:03:33","guid":{"rendered":"https:\/\/cafenor.com\/?page_id=2038"},"modified":"2022-05-06T22:47:34","modified_gmt":"2022-05-06T22:47:34","slug":"nicaraguan-cacao","status":"publish","type":"page","link":"https:\/\/cafenor.com\/es\/cacao-nicaraguense\/","title":{"rendered":"Cacao nicarag\u00fcense"},"content":{"rendered":"<div class=\"wp-block-cover alignfull is-light\"><span aria-hidden=\"true\" class=\"wp-block-cover__background has-background-dim-20 has-background-dim\"><\/span><img data-recalc-dims=\"1\" loading=\"lazy\" decoding=\"async\" width=\"680\" height=\"510\" data-attachment-id=\"1861\" data-permalink=\"https:\/\/cafenor.com\/es\/photo-2022-03-15-15-01-55-1-2\/\" data-orig-file=\"https:\/\/i0.wp.com\/cafenor.com\/wp-content\/uploads\/2022\/05\/PHOTO-2022-03-15-15-01-55-1.jpg?fit=1600%2C1200&amp;ssl=1\" data-orig-size=\"1600,1200\" data-comments-opened=\"0\" data-image-meta=\"{&quot;aperture&quot;:&quot;0&quot;,&quot;credit&quot;:&quot;&quot;,&quot;camera&quot;:&quot;&quot;,&quot;caption&quot;:&quot;&quot;,&quot;created_timestamp&quot;:&quot;0&quot;,&quot;copyright&quot;:&quot;&quot;,&quot;focal_length&quot;:&quot;0&quot;,&quot;iso&quot;:&quot;0&quot;,&quot;shutter_speed&quot;:&quot;0&quot;,&quot;title&quot;:&quot;&quot;,&quot;orientation&quot;:&quot;0&quot;}\" data-image-title=\"PHOTO-2022-03-15-15-01-55-1\" data-image-description=\"\" data-image-caption=\"\" data-large-file=\"https:\/\/i0.wp.com\/cafenor.com\/wp-content\/uploads\/2022\/05\/PHOTO-2022-03-15-15-01-55-1.jpg?fit=680%2C510&amp;ssl=1\" class=\"wp-block-cover__image-background wp-image-1861\" alt=\"\" src=\"https:\/\/i0.wp.com\/cafenor.com\/wp-content\/uploads\/2022\/05\/PHOTO-2022-03-15-15-01-55-1.jpg?resize=680%2C510&#038;ssl=1\" data-object-fit=\"cover\" srcset=\"https:\/\/i0.wp.com\/cafenor.com\/wp-content\/uploads\/2022\/05\/PHOTO-2022-03-15-15-01-55-1.jpg?w=1600&amp;ssl=1 1600w, https:\/\/i0.wp.com\/cafenor.com\/wp-content\/uploads\/2022\/05\/PHOTO-2022-03-15-15-01-55-1.jpg?resize=300%2C225&amp;ssl=1 300w, https:\/\/i0.wp.com\/cafenor.com\/wp-content\/uploads\/2022\/05\/PHOTO-2022-03-15-15-01-55-1.jpg?resize=1024%2C768&amp;ssl=1 1024w, https:\/\/i0.wp.com\/cafenor.com\/wp-content\/uploads\/2022\/05\/PHOTO-2022-03-15-15-01-55-1.jpg?resize=768%2C576&amp;ssl=1 768w, https:\/\/i0.wp.com\/cafenor.com\/wp-content\/uploads\/2022\/05\/PHOTO-2022-03-15-15-01-55-1.jpg?resize=1536%2C1152&amp;ssl=1 1536w, https:\/\/i0.wp.com\/cafenor.com\/wp-content\/uploads\/2022\/05\/PHOTO-2022-03-15-15-01-55-1.jpg?resize=1200%2C900&amp;ssl=1 1200w, https:\/\/i0.wp.com\/cafenor.com\/wp-content\/uploads\/2022\/05\/PHOTO-2022-03-15-15-01-55-1.jpg?resize=800%2C600&amp;ssl=1 800w, https:\/\/i0.wp.com\/cafenor.com\/wp-content\/uploads\/2022\/05\/PHOTO-2022-03-15-15-01-55-1.jpg?resize=400%2C300&amp;ssl=1 400w, https:\/\/i0.wp.com\/cafenor.com\/wp-content\/uploads\/2022\/05\/PHOTO-2022-03-15-15-01-55-1.jpg?resize=200%2C150&amp;ssl=1 200w, https:\/\/i0.wp.com\/cafenor.com\/wp-content\/uploads\/2022\/05\/PHOTO-2022-03-15-15-01-55-1.jpg?resize=680%2C510&amp;ssl=1 680w, https:\/\/i0.wp.com\/cafenor.com\/wp-content\/uploads\/2022\/05\/PHOTO-2022-03-15-15-01-55-1.jpg?w=1360&amp;ssl=1 1360w\" sizes=\"auto, (max-width: 680px) 100vw, 680px\" \/><div class=\"wp-block-cover__inner-container is-layout-flow wp-block-cover-is-layout-flow\">\n<p class=\"has-text-align-center has-large-font-size wp-block-paragraph\"><\/p>\n<\/div><\/div>\n\n\n\n<div style=\"height:16px\" aria-hidden=\"true\" class=\"wp-block-spacer desktop-only\"><\/div>\n\n\n\n<hr class=\"wp-block-separator has-css-opacity\"\/>\n\n\n\n<div class=\"wp-block-media-text alignwide has-media-on-the-right is-stacked-on-mobile is-vertically-aligned-top has-foreground-background-color has-background\" style=\"grid-template-columns:auto 51%\"><figure class=\"wp-block-media-text__media\"><img data-recalc-dims=\"1\" loading=\"lazy\" decoding=\"async\" width=\"680\" height=\"453\" data-attachment-id=\"203\" data-permalink=\"https:\/\/cafenor.com\/es\/cafenor_laffay_125\/\" data-orig-file=\"https:\/\/i0.wp.com\/cafenor.com\/wp-content\/uploads\/2014\/12\/cafenor_laffay_125.jpg?fit=2000%2C1333&amp;ssl=1\" data-orig-size=\"2000,1333\" data-comments-opened=\"0\" data-image-meta=\"{&quot;aperture&quot;:&quot;8&quot;,&quot;credit&quot;:&quot;Laffay&quot;,&quot;camera&quot;:&quot;Canon EOS 5D Mark III&quot;,&quot;caption&quot;:&quot;&quot;,&quot;created_timestamp&quot;:&quot;1414846571&quot;,&quot;copyright&quot;:&quot;Property of Tom Laffay&quot;,&quot;focal_length&quot;:&quot;65&quot;,&quot;iso&quot;:&quot;400&quot;,&quot;shutter_speed&quot;:&quot;0.003125&quot;,&quot;title&quot;:&quot;&quot;,&quot;orientation&quot;:&quot;1&quot;}\" data-image-title=\"CafeNor_LAFFAY_125\" data-image-description=\"\" data-image-caption=\"\" data-large-file=\"https:\/\/i0.wp.com\/cafenor.com\/wp-content\/uploads\/2014\/12\/cafenor_laffay_125.jpg?fit=680%2C453&amp;ssl=1\" src=\"https:\/\/i0.wp.com\/cafenor.com\/wp-content\/uploads\/2014\/12\/cafenor_laffay_125.jpg?resize=680%2C453&#038;ssl=1\" alt=\"\" class=\"wp-image-203 size-full\"\/><\/figure><div class=\"wp-block-media-text__content\">\n<h2 class=\"wp-block-heading\" style=\"font-size:20px\">Finca Emmy<\/h2>\n\n\n\n<p class=\"wp-block-paragraph\" style=\"line-height:1\"><strong>\u00c1rea<\/strong>: Waslala, Matagalpa- Nicaragua<\/p>\n\n\n\n<p class=\"wp-block-paragraph\" style=\"line-height:1\"><strong>Varietal:<\/strong> mezcla trinitaria<\/p>\n\n\n\n<p class=\"wp-block-paragraph\" style=\"line-height:1\"><strong>El secado:<\/strong> T\u00faneles de secado<\/p>\n\n\n\n<p class=\"wp-block-paragraph\" style=\"line-height:1\"><strong>M\u00e9todo de fermentaci\u00f3n:<\/strong> Cajas tipo cascada <\/p>\n\n\n\n<p class=\"wp-block-paragraph\" style=\"line-height:1\"><strong>Grado de fermentaci\u00f3n: <\/strong>82% <\/p>\n\n\n\n<p class=\"wp-block-paragraph\" style=\"line-height:1\"><strong>Humedad: <\/strong>6%<\/p>\n\n\n\n<p class=\"wp-block-paragraph\" style=\"line-height:1\"><strong>Tama\u00f1o del frijol:<\/strong> 1,8gr\/frijol<\/p>\n\n\n\n<p class=\"wp-block-paragraph\" style=\"line-height:1\"><strong>Defectos<\/strong>: M\u00e1x. 3%<\/p>\n\n\n\n<p class=\"wp-block-paragraph\" style=\"line-height:1\"><strong>Certificaci\u00f3n:<\/strong> UTZ<\/p>\n\n\n\n<p class=\"wp-block-paragraph\"><strong>Calidad:<\/strong> Notas de sabor<\/p>\n\n\n\n<p class=\"wp-block-paragraph\" style=\"line-height:1\"><strong>Condiciones de tueste<\/strong>: 120\u00b0C 30m<\/p>\n\n\n\n<p class=\"wp-block-paragraph\" style=\"line-height:1\"><br><strong>Notas de sabor<\/strong>: Acidez suave, regusto a nuez, moca y un poco de canela suave.<\/p>\n\n\n\n<p class=\"wp-block-paragraph\">Cacao\u2014Finca Sif<br>Waslala, Matagalpa-Nicaragua<\/p>\n\n\n\n<div style=\"height:100px\" aria-hidden=\"true\" class=\"wp-block-spacer\"><\/div>\n<\/div><\/div>\n\n\n\n<div class=\"wp-block-media-text alignwide has-media-on-the-right is-stacked-on-mobile is-vertically-aligned-top has-foreground-background-color has-background\" style=\"grid-template-columns:auto 51%\"><figure class=\"wp-block-media-text__media\"><img data-recalc-dims=\"1\" loading=\"lazy\" decoding=\"async\" width=\"680\" height=\"487\" data-attachment-id=\"1315\" data-permalink=\"https:\/\/cafenor.com\/es\/cafecc81_nor_2019-5\/\" data-orig-file=\"https:\/\/i0.wp.com\/cafenor.com\/wp-content\/uploads\/2020\/12\/cafecc81_nor_2019-5.jpg?fit=4759%2C3410&amp;ssl=1\" data-orig-size=\"4759,3410\" data-comments-opened=\"0\" data-image-meta=\"{&quot;aperture&quot;:&quot;3.2&quot;,&quot;credit&quot;:&quot;Kevin Cortedano&quot;,&quot;camera&quot;:&quot;Canon EOS 70D&quot;,&quot;caption&quot;:&quot;&quot;,&quot;created_timestamp&quot;:&quot;1572431845&quot;,&quot;copyright&quot;:&quot;&quot;,&quot;focal_length&quot;:&quot;35&quot;,&quot;iso&quot;:&quot;200&quot;,&quot;shutter_speed&quot;:&quot;0.004&quot;,&quot;title&quot;:&quot;&quot;,&quot;orientation&quot;:&quot;0&quot;}\" data-image-title=\"cafecc81_nor_2019-5\" data-image-description=\"\" data-image-caption=\"\" data-large-file=\"https:\/\/i0.wp.com\/cafenor.com\/wp-content\/uploads\/2020\/12\/cafecc81_nor_2019-5.jpg?fit=680%2C487&amp;ssl=1\" src=\"https:\/\/i0.wp.com\/cafenor.com\/wp-content\/uploads\/2020\/12\/cafecc81_nor_2019-5.jpg?resize=680%2C487&#038;ssl=1\" alt=\"\" class=\"wp-image-1315 size-full\"\/><\/figure><div class=\"wp-block-media-text__content\">\n<h2 class=\"wp-block-heading\" style=\"font-size:20px\">Finca Sif<\/h2>\n\n\n\n<p class=\"wp-block-paragraph\" style=\"line-height:1\"><strong>\u00c1rea<\/strong>: Waslala, Matagalpa- Nicaragua<\/p>\n\n\n\n<p class=\"wp-block-paragraph\" style=\"line-height:1\"><strong>Varietal:<\/strong> mezcla trinitaria<\/p>\n\n\n\n<p class=\"wp-block-paragraph\" style=\"line-height:1\"><strong>El secado:<\/strong> T\u00faneles de secado<\/p>\n\n\n\n<p class=\"wp-block-paragraph\" style=\"line-height:1\"><strong>M\u00e9todo de fermentaci\u00f3n:<\/strong> Cajas tipo cascada <\/p>\n\n\n\n<p class=\"wp-block-paragraph\" style=\"line-height:1\"><strong>Grado de fermentaci\u00f3n: <\/strong>40% <\/p>\n\n\n\n<p class=\"wp-block-paragraph\" style=\"line-height:1\"><strong>Humedad: <\/strong>6%<\/p>\n\n\n\n<p class=\"wp-block-paragraph\" style=\"line-height:1\"><strong>Tama\u00f1o del frijol:<\/strong> 1,6gr\/frijol<\/p>\n\n\n\n<p class=\"wp-block-paragraph\" style=\"line-height:1\"><strong>Defectos<\/strong>: M\u00e1x. 3%<\/p>\n\n\n\n<p class=\"wp-block-paragraph\" style=\"line-height:1\"><strong>Certificaci\u00f3n:<\/strong> Convencional<\/p>\n\n\n\n<p class=\"wp-block-paragraph\"><strong>Calidad:<\/strong> Notas de sabor<\/p>\n\n\n\n<p class=\"wp-block-paragraph\" style=\"line-height:1\"><strong>Condiciones de tueste<\/strong>: 110\u00b0C 30m<\/p>\n\n\n\n<p class=\"wp-block-paragraph\" style=\"line-height:1\"><br><strong>Notas de sabor<\/strong>: frutas frescas, moca, notas de man\u00ed, dulzor medio, chocolate<\/p>\n\n\n\n<p class=\"wp-block-paragraph\">&nbsp;<br><\/p>\n<\/div><\/div>","protected":false},"excerpt":{"rendered":"<p>Finca Sif \u00c1rea: Waslala, Matagalpa- Nicaragua Varietal: Mezcla Trinitario Secado: T\u00faneles de secado M\u00e9todo de fermentaci\u00f3n: Cajas tipo cascada Grado de fermentaci\u00f3n: 40% Humedad: 6% Tama\u00f1o del grano: 1.6gr\/grano Defectos: M\u00e1x. Certificaci\u00f3n 3%: Convencional Calidad: Notas de sabor Condiciones de tueste: 110\u00b0C 30m Notas de sabor: Frutas frescas, moca, notas de man\u00ed, dulzor medio, chocolate &nbsp;<\/p>","protected":false},"author":60124613,"featured_media":0,"parent":0,"menu_order":0,"comment_status":"closed","ping_status":"closed","template":"","meta":{"_seopress_robots_primary_cat":"","_seopress_titles_title":"","_seopress_titles_desc":"","_seopress_robots_index":"","_coblocks_attr":"","_coblocks_dimensions":"","_coblocks_responsive_height":"","_coblocks_accordion_ie_support":"","_crdt_document":"","footnotes":""},"class_list":["post-2038","page","type-page","status-publish","hentry"],"jetpack_shortlink":"https:\/\/wp.me\/P4fxKa-wS","jetpack_sharing_enabled":true,"_links":{"self":[{"href":"https:\/\/cafenor.com\/es\/wp-json\/wp\/v2\/pages\/2038","targetHints":{"allow":["GET"]}}],"collection":[{"href":"https:\/\/cafenor.com\/es\/wp-json\/wp\/v2\/pages"}],"about":[{"href":"https:\/\/cafenor.com\/es\/wp-json\/wp\/v2\/types\/page"}],"author":[{"embeddable":true,"href":"https:\/\/cafenor.com\/es\/wp-json\/wp\/v2\/users\/60124613"}],"replies":[{"embeddable":true,"href":"https:\/\/cafenor.com\/es\/wp-json\/wp\/v2\/comments?post=2038"}],"version-history":[{"count":10,"href":"https:\/\/cafenor.com\/es\/wp-json\/wp\/v2\/pages\/2038\/revisions"}],"predecessor-version":[{"id":2059,"href":"https:\/\/cafenor.com\/es\/wp-json\/wp\/v2\/pages\/2038\/revisions\/2059"}],"wp:attachment":[{"href":"https:\/\/cafenor.com\/es\/wp-json\/wp\/v2\/media?parent=2038"}],"curies":[{"name":"gracias","href":"https:\/\/api.w.org\/{rel}","templated":true}]}}